{"id":4,"date":"2013-03-20T18:45:13","date_gmt":"2013-03-20T18:45:13","guid":{"rendered":"http:\/\/www.transpall.com.ar\/site\/?page_id=4"},"modified":"2013-08-15T18:49:05","modified_gmt":"2013-08-15T18:49:05","slug":"nuestra-empresa","status":"publish","type":"page","link":"https:\/\/www.transpall.com.ar\/site\/?page_id=4","title":{"rendered":"Nuestra empresa"},"content":{"rendered":"<hr \/>\r\n\r\n&nbsp;\r\n<p style=\"text-align: left;\"><span style=\"font-family: trebuchet ms,geneva; font-size: medium; color: #000000;\"><strong>\u00bfQui\u00e9nes somos?<\/strong><\/span><\/p>\r\n<p style=\"text-align: justify;\">Transpall S.A. es una joven empresa de transporte, que supo ganarse un lugar de privilegio en el Mercosur gracias a su pol\u00edtica de excelencia en la prestaci\u00f3n de servicios log\u00edsticos, con calidad y atenci\u00f3n personalizada.<\/p>\r\n<p style=\"text-align: justify;\">Transpall tiene como misi\u00f3n brindar el 100% de sus conocimientos y experiencias para lograr exitosas soluciones log\u00edsticas.<\/p>\r\n<p style=\"text-align: justify;\"><img loading=\"lazy\" decoding=\"async\" alt=\"\" src=\"http:\/\/transpall.com.ar\/images\/foto_01_.jpg\" width=\"648\" height=\"214\" \/><\/p>\r\n<p style=\"text-align: left;\"><span style=\"color: #000000;\"><strong><span style=\"font-size: medium; font-family: trebuchet ms,geneva;\">\u00bfPor qu\u00e9 elegirnos?<\/span><\/strong><\/span><\/p>\r\n<span style=\"font-family: trebuchet ms,geneva;\"><strong><span style=\"font-size: small;\"><span style=\"font-size: large; color: #ff6600;\">\u00b7<\/span>\u00a0 Cober<\/span><\/strong><\/span><span style=\"font-family: trebuchet ms,geneva;\"><strong><span style=\"font-size: small;\">tura satelital<\/span><\/strong><\/span>\r\n<p style=\"text-align: justify;\">Contamos con unidades controladas satelitalmente y equipadas con telefon\u00eda las 24 hs. Toda nuestra flota actualiza v\u00eda sat\u00e9lite su posici\u00f3n y estado permanentemente, logrando alcanzar est\u00e1ndares de seguridad internacionales.<\/p>\r\n<span style=\"font-size: small; font-family: trebuchet ms,geneva;\"><strong><strong><span style=\"color: #ff6600; font-size: large;\">\u00b7<\/span>\u00a0 <\/strong>Personal calificado<\/strong><\/span>\r\n<p style=\"text-align: justify;\"><a href=\"https:\/\/servicios1.afip.gov.ar\/clavefiscal\/qr\/response.aspx?qr=1ns-wyE-n-i1hV76co4DEQ,,\" target=\"_blank\"><img loading=\"lazy\" decoding=\"async\" class=\"alignright\" style=\"margin-left: 20px; margin-right: 20px;\" alt=\"\" src=\"http:\/\/www.transpall.com.ar\/images\/data_web.jpg\" width=\"80\" height=\"109\" \/><\/a>Todo nuestro personal est\u00e1 altamente capacitado y responde de forma r\u00e1pida y efectiva a las m\u00e1s altas exigencias del mercado.<\/p>\r\n<strong><span style=\"font-family: trebuchet ms,geneva; font-size: small;\"><strong><span style=\"font-size: large; color: #ff6600;\">\u00b7<\/span>\u00a0 <\/strong>D<\/span><\/strong><strong><span style=\"font-family: trebuchet ms,geneva; font-size: small;\">e<\/span><\/strong><strong><span style=\"font-family: trebuchet ms,geneva; font-size: small;\">p\u00f3sitos para mercader\u00eda<\/span><\/strong>\r\n\r\nContamos con un dep\u00f3sito propio de 2.000 mts. cuadrados, para el almacenamiento de mercader\u00eda y con una playa de estacionamiento de 2.500 mts. cuadrados.\r\n<p style=\"text-align: center;\"><\/p>\r\n<p style=\"text-align: center;\"><a href=\"http:\/\/transpall.com.ar\/images\/transpall.pdf\" target=\"_blank\"><span style=\"font-size: small; font-family: trebuchet ms,geneva;\"><strong><strong><span style=\"color: #ff6600; font-size: large;\"><img loading=\"lazy\" decoding=\"async\" class=\"aligncenter\" alt=\"\" src=\"http:\/\/transpall.com.ar\/images\/brochure.jpg\" width=\"100\" height=\"141\" \/><\/span><\/strong><\/strong><\/span><\/a><a href=\"http:\/\/transpall.com.ar\/images\/transpall.pdf\" target=\"_blank\"><span style=\"font-size: small; color: #000000;\">Visualizar PDF<\/span><span style=\"font-size: small; font-family: trebuchet ms,geneva;\"><strong><strong><span style=\"color: #ff6600; font-size: large;\">\r\n<\/span><\/strong><\/strong><\/span><\/a><\/p>","protected":false},"excerpt":{"rendered":"&nbsp; \u00bfQui\u00e9nes somos? Transpall S.A. es una joven empresa de transporte, que supo ganarse un lugar de privilegio en el Mercosur gracias a su pol\u00edtica de excelencia en la prestaci\u00f3n de servicios log\u00edsticos, con calidad y atenci\u00f3n personalizada. Transpall tiene como misi\u00f3n brindar el 100% de sus conocimientos y experiencias para lograr exitosas soluciones log\u00edsticas. \u00bfPor qu\u00e9 elegirnos? \u00b7\u00a0 Cobertura satelital Contamos con unidades controladas satelitalmente y equipadas con telefon\u00eda las 24 hs. Toda nuestra flota actualiza v\u00eda sat\u00e9lite su posici\u00f3n y estado permanentemente, logrando alcanzar est\u00e1ndares de seguridad internacionales. \u00b7\u00a0 Personal calificado Todo nuestro personal est\u00e1 altamente capacitado y responde de forma r\u00e1pida y efectiva a las m\u00e1s altas exigencias del mercado. \u00b7\u00a0 Dep\u00f3sitos para mercader\u00eda Contamos con un dep\u00f3sito propio de 2.000 mts. cuadrados, para el almacenamiento de mercader\u00eda y con una playa de estacionamiento de 2.500 mts. cuadrados. Visualizar PDF","protected":false},"author":1,"featured_media":0,"parent":0,"menu_order":0,"comment_status":"closed","ping_status":"closed","template":"","meta":{"footnotes":""},"_links":{"self":[{"href":"https:\/\/www.transpall.com.ar\/site\/index.php?rest_route=\/wp\/v2\/pages\/4"}],"collection":[{"href":"https:\/\/www.transpall.com.ar\/site\/index.php?rest_route=\/wp\/v2\/pages"}],"about":[{"href":"https:\/\/www.transpall.com.ar\/site\/index.php?rest_route=\/wp\/v2\/types\/page"}],"author":[{"embeddable":true,"href":"https:\/\/www.transpall.com.ar\/site\/index.php?rest_route=\/wp\/v2\/users\/1"}],"replies":[{"embeddable":true,"href":"https:\/\/www.transpall.com.ar\/site\/index.php?rest_route=%2Fwp%2Fv2%2Fcomments&post=4"}],"version-history":[{"count":56,"href":"https:\/\/www.transpall.com.ar\/site\/index.php?rest_route=\/wp\/v2\/pages\/4\/revisions"}],"predecessor-version":[{"id":31,"href":"https:\/\/www.transpall.com.ar\/site\/index.php?rest_route=\/wp\/v2\/pages\/4\/revisions\/31"}],"wp:attachment":[{"href":"https:\/\/www.transpall.com.ar\/site\/index.php?rest_route=%2Fwp%2Fv2%2Fmedia&parent=4"}],"curies":[{"name":"wp","href":"https:\/\/api.w.org\/{rel}","templated":true}]}}