{"id":6,"date":"2013-03-20T18:45:46","date_gmt":"2013-03-20T18:45:46","guid":{"rendered":"http:\/\/www.transpall.com.ar\/site\/?page_id=6"},"modified":"2023-09-15T05:49:07","modified_gmt":"2023-09-15T05:49:07","slug":"servicios","status":"publish","type":"page","link":"https:\/\/www.transpall.com.ar\/site\/?page_id=6","title":{"rendered":"Servicios"},"content":{"rendered":"<hr \/>\n<p style=\"text-align: justify;\">Transportamos cargas secas, s\u00faper congeladas, cargas l\u00edquidas a temperatura para el transporte de grasas y aceites comestibles, adem\u00e1s, contamos con camiones doble piso para cargas apilables de grandes vol\u00famenes.<\/p>\n<p style=\"text-align: justify;\">En Transpall nuestra m\u00e1xima prioridad es la satisfacci\u00f3n de nuestros m\u00e1s distinguidos clientes.<\/p>\n<p style=\"text-align: justify;\">Por ello, nuestro compromiso es el de cumplir con todas sus necesidades de operaciones log\u00edsticas y abastecimiento de sus plantas. Contamos con personal altamente profesional y capacitado que responder\u00e1 con excelencia a todas sus inquietudes.<\/p>\n<p style=\"text-align: justify;\">Nuestros servicios le brindar\u00e1n la mejor soluci\u00f3n log\u00edstica adaptable a sus requerimientos de abastecimiento, tanto de materias primas como de productos terminados, en sus plantas, centros de distribuci\u00f3n, distribuidores, mayoristas y canales de supermercados.<\/p>\n<p style=\"text-align: justify;\">Poseemos un centro de distribuci\u00f3n en la Provincia de Buenos Aires, del cual podemos distribuir sus productos a los destinos indicados.<\/p>\n<p style=\"text-align: justify;\">Contamos con personal capacitado para la recepci\u00f3n, almacenaje y despacho de mercader\u00edas.<\/p>\n<p style=\"text-align: left;\"><strong>Clientes \/ marcas abastecidas:<\/strong><\/p>\n<a href=\"https:\/\/www.transpall.com.ar\/site\/wp-content\/uploads\/2023\/09\/logos.jpg\"><img loading=\"lazy\" decoding=\"async\" class=\"size-full wp-image-301 aligncenter\" src=\"https:\/\/www.transpall.com.ar\/site\/wp-content\/uploads\/2023\/09\/logos.jpg\" alt=\"\" width=\"633\" height=\"224\" srcset=\"https:\/\/www.transpall.com.ar\/site\/wp-content\/uploads\/2023\/09\/logos.jpg 633w, https:\/\/www.transpall.com.ar\/site\/wp-content\/uploads\/2023\/09\/logos-300x106.jpg 300w\" sizes=\"(max-width: 633px) 100vw, 633px\" \/><\/a>","protected":false},"excerpt":{"rendered":"Transportamos cargas secas, s\u00faper congeladas, cargas l\u00edquidas a temperatura para el transporte de grasas y aceites comestibles, adem\u00e1s, contamos con camiones doble piso para cargas apilables de grandes vol\u00famenes. En Transpall nuestra m\u00e1xima prioridad es la satisfacci\u00f3n de nuestros m\u00e1s distinguidos clientes. Por ello, nuestro compromiso es el de cumplir con todas sus necesidades de operaciones log\u00edsticas y abastecimiento de sus plantas. Contamos con personal altamente profesional y capacitado que responder\u00e1 con excelencia a todas sus inquietudes. Nuestros servicios le brindar\u00e1n la mejor soluci\u00f3n log\u00edstica adaptable a sus requerimientos de abastecimiento, tanto de materias primas como de productos terminados, en sus plantas, centros de distribuci\u00f3n, distribuidores, mayoristas y canales de supermercados. Poseemos un centro de distribuci\u00f3n en la Provincia de Buenos Aires, del cual podemos distribuir sus productos a los destinos indicados. Contamos con personal capacitado para la recepci\u00f3n, almacenaje y despacho de mercader\u00edas. Clientes \/ marcas abastecidas:","protected":false},"author":1,"featured_media":0,"parent":0,"menu_order":0,"comment_status":"closed","ping_status":"closed","template":"","meta":{"footnotes":""},"_links":{"self":[{"href":"https:\/\/www.transpall.com.ar\/site\/index.php?rest_route=\/wp\/v2\/pages\/6"}],"collection":[{"href":"https:\/\/www.transpall.com.ar\/site\/index.php?rest_route=\/wp\/v2\/pages"}],"about":[{"href":"https:\/\/www.transpall.com.ar\/site\/index.php?rest_route=\/wp\/v2\/types\/page"}],"author":[{"embeddable":true,"href":"https:\/\/www.transpall.com.ar\/site\/index.php?rest_route=\/wp\/v2\/users\/1"}],"replies":[{"embeddable":true,"href":"https:\/\/www.transpall.com.ar\/site\/index.php?rest_route=%2Fwp%2Fv2%2Fcomments&post=6"}],"version-history":[{"count":2,"href":"https:\/\/www.transpall.com.ar\/site\/index.php?rest_route=\/wp\/v2\/pages\/6\/revisions"}],"predecessor-version":[{"id":305,"href":"https:\/\/www.transpall.com.ar\/site\/index.php?rest_route=\/wp\/v2\/pages\/6\/revisions\/305"}],"wp:attachment":[{"href":"https:\/\/www.transpall.com.ar\/site\/index.php?rest_route=%2Fwp%2Fv2%2Fmedia&parent=6"}],"curies":[{"name":"wp","href":"https:\/\/api.w.org\/{rel}","templated":true}]}}